{"id":894,"date":"2016-04-22T17:35:32","date_gmt":"2016-04-22T17:35:32","guid":{"rendered":"https:\/\/christinamiller.ca.php56-22.dfw3-2.websitetestlink.com\/?page_id=894&#038;lang=fr"},"modified":"2023-03-03T20:12:22","modified_gmt":"2023-03-03T20:12:22","slug":"il-est-plus-que-la-propriete-il-est-sur-les-personnes","status":"publish","type":"page","link":"https:\/\/www.christinamiller.ca\/fr\/il-est-plus-que-la-propriete-il-est-sur-les-personnes\/","title":{"rendered":"IL EST PLUS QUE LA PROPRI\u00c9T\u00c9; IL EST SUR LES PERSONNES"},"content":{"rendered":"<p><img loading=\"lazy\" decoding=\"async\" class=\"alignnone wp-image-198 alignleft\" src=\"\/wp-content\/uploads\/2016\/01\/01-300x200.png\" alt=\"01\" width=\"383\" height=\"255\" data-id=\"198\" srcset=\"\/wp-content\/uploads\/2016\/01\/01-300x200.png 300w, \/wp-content\/uploads\/2016\/01\/01.png 420w\" sizes=\"(max-width: 383px) 100vw, 383px\" \/><\/p>\n<h4>Dr. Claude Maranda<\/h4>\n<h4>46 SUMMIT CRES., WESMOUNT<\/h4>\n<h4><strong>VENDU POUR $2, 400, 000<\/strong><\/h4>\n<h4><\/h4>\n<div style=\"clear: both;\"><\/div>\n<p><em>\u201cCher Christina,<\/em><\/p>\n<p><em>Liz et moi sommes absolument ravis par la vente de la maison et par votre d\u00e9vouement et le travail acharn\u00e9 (vous et votre excellent personnel). \u00a0\u00bb<br \/>\nMerci encore,<br \/>\n<\/em><em>Claude<\/em><\/p>\n<hr \/>\n<p><img loading=\"lazy\" decoding=\"async\" class=\" wp-image-199 alignleft\" src=\"\/wp-content\/uploads\/2016\/01\/02-300x200.png\" alt=\"02\" width=\"383\" height=\"255\" data-id=\"199\" srcset=\"\/wp-content\/uploads\/2016\/01\/02-300x200.png 300w, \/wp-content\/uploads\/2016\/01\/02.png 417w\" sizes=\"(max-width: 383px) 100vw, 383px\" \/><\/p>\n<h4>Richard Grover<\/h4>\n<h4>3070 Le Boulevard, Westmount adj.<br \/>\n<strong><em>VENDU POUR $1,800,000<\/em><\/strong><\/h4>\n<div style=\"clear: both;\"><\/div>\n<p><em>\u201cCher Christina,<\/em><\/p>\n<p><em>Je suis toujours dans un \u00e9tat \u200b\u200bsecond par rapport \u00e0 la cause de la maison &#8230; il y a trois mois , il semblait que je ne vendrais jamais, puis en un jour , il a \u00e9t\u00e9 imm\u00e9diatement achet\u00e9.<br \/>\nJe vous remercie de votre travail et de vendre avec succ\u00e8s ma maison . \u00a0\u00bb<br \/>\n<\/em><em>Richard<\/em><\/p>\n<hr \/>\n<p><img loading=\"lazy\" decoding=\"async\" class=\" wp-image-200 alignleft\" src=\"\/wp-content\/uploads\/2016\/01\/03-300x200.png\" alt=\"03\" width=\"383\" height=\"255\" data-id=\"200\" srcset=\"\/wp-content\/uploads\/2016\/01\/03-300x200.png 300w, \/wp-content\/uploads\/2016\/01\/03.png 422w\" sizes=\"(max-width: 383px) 100vw, 383px\" \/><\/p>\n<h4>Willie Goldman<\/h4>\n<h4>84 Arlington Ave., Westmount<br \/>\n<strong><em>VENDU POUR $1,494,000<\/em><\/strong><\/h4>\n<div style=\"clear: both;\"><\/div>\n<p><em>\u201cCher Christina,<\/em><\/p>\n<p><em>Merci d&rsquo;avoir fait la vente de ma maison une grande exp\u00e9rience. J&rsquo;ai vraiment appr\u00e9ci\u00e9 travailler avec vous et votre \u00e9quipe, et je recommande vos services \u00e0 tous ceux qui envisagent de vendre leur maison. D\u00e8s le d\u00e9part, vous inspirer confiance et je savais que je choisi le bon agent. Chaque aspect du processus de vente \u00e9tait m\u00e9ticuleux, professionnel et engag\u00e9.<br \/>\nMerci encore, \u00a0\u00bb<br \/>\n<\/em><em>Willie<\/em><\/p>\n<hr \/>\n<p><img loading=\"lazy\" decoding=\"async\" class=\" wp-image-201 alignleft\" src=\"\/wp-content\/uploads\/2016\/01\/04-300x200.png\" alt=\"04\" width=\"383\" height=\"255\" data-id=\"201\" srcset=\"\/wp-content\/uploads\/2016\/01\/04-300x200.png 300w, \/wp-content\/uploads\/2016\/01\/04.png 424w\" sizes=\"(max-width: 383px) 100vw, 383px\" \/><\/p>\n<h4>Sheila and Stan Jablonski<\/h4>\n<h4>425 Roslyn, Westmount<br \/>\n<strong><em>VENDU POUR $2,700,000<\/em><\/strong><\/h4>\n<div style=\"clear: both;\"><\/div>\n<p><em>\u201cCher Christina,<\/em><\/p>\n<p><em>Juste un mot pour dire combien nous \u00e9tions avec la fa\u00e7on dont vous avez g\u00e9r\u00e9 la vente de notre maison sur Roslyn. Du d\u00e9but \u00e0 la fin, vous et votre \u00e9quipe inspir\u00e9 confiance et affich\u00e9 le professionnalisme que nous esp\u00e9rions. Le site web de The Christie et votre 4 page brochure personnalis\u00e9e sont la meilleure fa\u00e7on de mettre en valeur notre maison.<\/em><\/p>\n<p>Et comme promis , vous nous avez apport\u00e9 des clients s\u00e9rieux pour notre propri\u00e9t\u00e9 du patrimoine, qui a finalement nous a livr\u00e9 le client et le prix \u00e0 notre satisfaction. Nous sommes ravis que les choses allaient si bien \u00e0 la transaction. \u00a0\u00bb<br \/>\nMerci encore,<br \/>\n<em>Sheila &amp; Stan<\/em><\/p>\n<hr \/>\n<p><img loading=\"lazy\" decoding=\"async\" class=\" wp-image-202 alignleft\" src=\"\/wp-content\/uploads\/2016\/01\/05-300x225.png\" alt=\"05\" width=\"380\" height=\"285\" data-id=\"202\" srcset=\"\/wp-content\/uploads\/2016\/01\/05-300x225.png 300w, \/wp-content\/uploads\/2016\/01\/05.png 417w\" sizes=\"(max-width: 380px) 100vw, 380px\" \/><\/p>\n<h4>Elaine + Avrum Stark<\/h4>\n<h4>485 Roslyn, Westmount<br \/>\n<strong><em>VENDU POUR $1,550,000<\/em><\/strong><\/h4>\n<div style=\"clear: both;\"><\/div>\n<p><em>Je vous remercie pour tout le travail que vous avez fait pour obtenir notre maison d&rsquo;entra\u00eeneur Roslyn vendu. Nous sommes sinc\u00e8rement appr\u00e9ci\u00e9 votre professionnalisme, et avait toute confiance en vous et votre \u00e9quipe. Le parti que vous h\u00e9berg\u00e9 pour lancer la liste \u00e9tait incroyable &#8211; hu\u00eetres, champagne, m\u00eame un DJ. On avait l&rsquo; impression que la r\u00e9alit\u00e9 \u00e9mission de t\u00e9l\u00e9vision, vente de New York! Nous sommes impatients de faire des affaires avec vous encore et serons heureux de vous r\u00e9f\u00e9rer \u00e0 ceux qui cherchent \u00e0 vendre leur maison. \u00ab\u00a0<\/em><\/p>\n<p><em>Fondly,<br \/>\n<\/em><em>Elaine &amp; Av<\/em><\/p>\n<hr \/>\n<p><img loading=\"lazy\" decoding=\"async\" class=\" wp-image-203 alignleft\" src=\"\/wp-content\/uploads\/2016\/01\/06-300x209.png\" alt=\"06\" width=\"379\" height=\"264\" data-id=\"203\" srcset=\"\/wp-content\/uploads\/2016\/01\/06-300x209.png 300w, \/wp-content\/uploads\/2016\/01\/06.png 425w\" sizes=\"(max-width: 379px) 100vw, 379px\" \/><\/p>\n<h4>Barbara Segal<\/h4>\n<h4>118 Aberdeen, Westmount<br \/>\n<strong><em>VENDU POUR $3,300,000<\/em><\/strong><\/h4>\n<div style=\"clear: both;\"><\/div>\n<p><em>\u00ab\u00a0Je vous remercie pour tout le travail acharn\u00e9 que vous mettez dans la vente de ma maison. Vous et votre \u00e9quipe \u00e9tiez professionnel, serviable et tr\u00e8s agr\u00e9able de travailler avec. \u00ab\u00a0<\/em><\/p>\n<p><em>Kindly,<br \/>\n<\/em><em>Barbara<\/em><\/p>\n<hr \/>\n<p><img loading=\"lazy\" decoding=\"async\" class=\" wp-image-204 alignleft\" src=\"\/wp-content\/uploads\/2016\/01\/07-300x225.png\" alt=\"07\" width=\"379\" height=\"284\" data-id=\"204\" srcset=\"\/wp-content\/uploads\/2016\/01\/07-300x225.png 300w, \/wp-content\/uploads\/2016\/01\/07.png 425w\" sizes=\"(max-width: 379px) 100vw, 379px\" \/><\/p>\n<h4>Paul &amp; Helen O\u2019Shea<\/h4>\n<h4>421 Argyle Ave., Westmount<br \/>\n<strong><em>VENDU POUR $1,100,000<\/em><\/strong><\/h4>\n<div style=\"clear: both;\"><\/div>\n<p><em>Cher Christina,<\/em><\/p>\n<p><em>\u00a0 \u00ab\u00a0Je voulais juste vous remercier pour tout le travail que vous avez fait pour vendre notre maison. Les conseils que vous nous avez donn\u00e9 pour obtenir la maison pr\u00eate \u00e0 la liste \u00e9tait superbe. Les m\u00e9tiers dont vous avez parl\u00e9 de nous, l&rsquo;\u00e9lectricien, le peintre Matt &#8230; etc. \u00e9taient extr\u00eamement utile. Le professionnalisme pr\u00e9sent\u00e9 par vous et votre \u00e9quipe est vraiment impressionnante et votre exp\u00e9rience de travail avec les entreprises de d\u00e9localiser \u00e9tait vraiment un atout. Nous attendons avec impatience le passage \u00e0 Princeton pour vous remercier, pour rendre la transition aussi harmonieuse que possible. \u00a0\u00bb<br \/>\n<\/em><em>Paul and Helen O&rsquo;Shea<\/em><\/p>\n<hr \/>\n<p><img loading=\"lazy\" decoding=\"async\" class=\" wp-image-205 alignleft\" src=\"\/wp-content\/uploads\/2016\/01\/08-300x208.png\" alt=\"08\" width=\"378\" height=\"262\" data-id=\"205\" srcset=\"\/wp-content\/uploads\/2016\/01\/08-300x208.png 300w, \/wp-content\/uploads\/2016\/01\/08.png 433w\" sizes=\"(max-width: 378px) 100vw, 378px\" \/><\/p>\n<h4>Gerald &amp; Lorraine Ratzer<\/h4>\n<h4>489 Argyle Ave., Westmount<br \/>\n<strong><em>VENDU POUR $960,000<\/em><\/strong><\/h4>\n<div style=\"clear: both;\"><\/div>\n<p><em>\u00ab\u00a0Juste un petit mot pour vous remercier de votre soin et d&rsquo; attention pendant le long processus de vente de notre maison sur Argyle.<\/em><\/p>\n<p><em>Thanks again,\u201d<br \/>\n<\/em><em>Gerald and Lorraine<\/em><\/p>\n<hr \/>\n<p><img loading=\"lazy\" decoding=\"async\" class=\" wp-image-206 alignleft\" src=\"\/wp-content\/uploads\/2016\/01\/09-300x205.png\" alt=\"09\" width=\"378\" height=\"258\" data-id=\"206\" srcset=\"\/wp-content\/uploads\/2016\/01\/09-300x205.png 300w, \/wp-content\/uploads\/2016\/01\/09.png 438w\" sizes=\"(max-width: 378px) 100vw, 378px\" \/><\/p>\n<h4>Dr. Immanuela Rav\u00e9 Moss<\/h4>\n<h4>365 Grosvenor Ave., Westmount<br \/>\n<strong><em>VENDU POUR $897,000<\/em><\/strong><\/h4>\n<div style=\"clear: both;\"><\/div>\n<p><em>\u00ab\u00a0Merci \u00e0 vous tous d&rsquo;\u00eatre si intelligent, coop\u00e9ratif et gentil. Il a certainement \u00e9t\u00e9 une exp\u00e9rience merveilleuse.<\/em><\/p>\n<p><em>Merci encore, \u00a0\u00bb<br \/>\n<\/em><em>Immanuela<\/em><\/p>\n","protected":false},"excerpt":{"rendered":"<p>Dr. Claude Maranda 46 SUMMIT CRES., WESMOUNT VENDU POUR $2, 400, 000 \u201cCher Christina, Liz et moi sommes absolument ravis par la vente de la maison et par votre d\u00e9vouement et le travail acharn\u00e9 (vous et votre excellent personnel). \u00a0\u00bb Merci encore, Claude Richard Grover 3070 Le Boulevard, Westmount adj. VENDU POUR $1,800,000 \u201cCher Christina, [&hellip;]<\/p>\n","protected":false},"author":1,"featured_media":4824,"parent":0,"menu_order":0,"comment_status":"closed","ping_status":"closed","template":"","meta":{"_acf_changed":false,"content-type":"","_genesis_hide_title":false,"_genesis_hide_breadcrumbs":false,"_genesis_hide_singular_image":false,"_genesis_hide_footer_widgets":false,"_genesis_custom_body_class":"","_genesis_custom_post_class":"","_genesis_layout":"content-sidebar","footnotes":""},"class_list":{"0":"post-894","1":"page","2":"type-page","3":"status-publish","4":"has-post-thumbnail","6":"entry"},"acf":[],"yoast_head":"<!-- This site is optimized with the Yoast SEO plugin v23.2 - https:\/\/yoast.com\/wordpress\/plugins\/seo\/ -->\n<title>IL EST PLUS QUE LA PROPRI\u00c9T\u00c9; IL EST SUR LES PERSONNES - Christina Miller<\/title>\n<meta name=\"robots\" content=\"index, follow, max-snippet:-1, max-image-preview:large, max-video-preview:-1\" \/>\n<link rel=\"canonical\" href=\"https:\/\/christinamiller.ca\/its-more-than-just-the-property-its-about-the-people\/\" \/>\n<meta property=\"og:locale\" content=\"fr_FR\" \/>\n<meta property=\"og:type\" content=\"article\" \/>\n<meta property=\"og:title\" content=\"IL EST PLUS QUE LA PROPRI\u00c9T\u00c9; IL EST SUR LES PERSONNES - Christina Miller\" \/>\n<meta property=\"og:description\" content=\"Dr. Claude Maranda 46 SUMMIT CRES., WESMOUNT VENDU POUR $2, 400, 000 \u201cCher Christina, Liz et moi sommes absolument ravis par la vente de la maison et par votre d\u00e9vouement et le travail acharn\u00e9 (vous et votre excellent personnel). \u00a0\u00bb Merci encore, Claude Richard Grover 3070 Le Boulevard, Westmount adj. VENDU POUR $1,800,000 \u201cCher Christina, [&hellip;]\" \/>\n<meta property=\"og:url\" content=\"https:\/\/christinamiller.ca\/its-more-than-just-the-property-its-about-the-people\/\" \/>\n<meta property=\"og:site_name\" content=\"Christina Miller\" \/>\n<meta property=\"article:modified_time\" content=\"2023-03-03T20:12:22+00:00\" \/>\n<meta property=\"og:image\" content=\"https:\/\/www.christinamiller.ca\/wp-content\/uploads\/2023\/03\/TESTIMONIALS-1024x411.png\" \/>\n\t<meta property=\"og:image:width\" content=\"1024\" \/>\n\t<meta property=\"og:image:height\" content=\"411\" \/>\n\t<meta property=\"og:image:type\" content=\"image\/png\" \/>\n<meta name=\"twitter:card\" content=\"summary_large_image\" \/>\n<meta name=\"twitter:label1\" content=\"Dur\u00e9e de lecture estim\u00e9e\" \/>\n\t<meta name=\"twitter:data1\" content=\"5 minutes\" \/>\n<script type=\"application\/ld+json\" class=\"yoast-schema-graph\">{\"@context\":\"https:\/\/schema.org\",\"@graph\":[{\"@type\":\"WebPage\",\"@id\":\"https:\/\/christinamiller.ca\/its-more-than-just-the-property-its-about-the-people\/\",\"url\":\"https:\/\/christinamiller.ca\/its-more-than-just-the-property-its-about-the-people\/\",\"name\":\"IL EST PLUS QUE LA PROPRI\u00c9T\u00c9; IL EST SUR LES PERSONNES - Christina Miller\",\"isPartOf\":{\"@id\":\"https:\/\/christinamiller.ca\/#website\"},\"primaryImageOfPage\":{\"@id\":\"https:\/\/christinamiller.ca\/its-more-than-just-the-property-its-about-the-people\/#primaryimage\"},\"image\":{\"@id\":\"https:\/\/christinamiller.ca\/its-more-than-just-the-property-its-about-the-people\/#primaryimage\"},\"thumbnailUrl\":\"\/wp-content\/uploads\/2023\/03\/TESTIMONIALS.png\",\"datePublished\":\"2016-04-22T17:35:32+00:00\",\"dateModified\":\"2023-03-03T20:12:22+00:00\",\"breadcrumb\":{\"@id\":\"https:\/\/christinamiller.ca\/its-more-than-just-the-property-its-about-the-people\/#breadcrumb\"},\"inLanguage\":\"fr-FR\",\"potentialAction\":[{\"@type\":\"ReadAction\",\"target\":[\"https:\/\/christinamiller.ca\/its-more-than-just-the-property-its-about-the-people\/\"]}]},{\"@type\":\"ImageObject\",\"inLanguage\":\"fr-FR\",\"@id\":\"https:\/\/christinamiller.ca\/its-more-than-just-the-property-its-about-the-people\/#primaryimage\",\"url\":\"\/wp-content\/uploads\/2023\/03\/TESTIMONIALS.png\",\"contentUrl\":\"\/wp-content\/uploads\/2023\/03\/TESTIMONIALS.png\",\"width\":2096,\"height\":842},{\"@type\":\"BreadcrumbList\",\"@id\":\"https:\/\/christinamiller.ca\/its-more-than-just-the-property-its-about-the-people\/#breadcrumb\",\"itemListElement\":[{\"@type\":\"ListItem\",\"position\":1,\"name\":\"Home\",\"item\":\"https:\/\/christinamiller.ca\/fr\/\"},{\"@type\":\"ListItem\",\"position\":2,\"name\":\"IL EST PLUS QUE LA PROPRI\u00c9T\u00c9; IL EST SUR LES PERSONNES\"}]},{\"@type\":\"WebSite\",\"@id\":\"https:\/\/christinamiller.ca\/#website\",\"url\":\"https:\/\/christinamiller.ca\/\",\"name\":\"Christina Miller\",\"description\":\"Certified Real Estate Broker\",\"potentialAction\":[{\"@type\":\"SearchAction\",\"target\":{\"@type\":\"EntryPoint\",\"urlTemplate\":\"https:\/\/christinamiller.ca\/?s={search_term_string}\"},\"query-input\":\"required name=search_term_string\"}],\"inLanguage\":\"fr-FR\"}]}<\/script>\n<!-- \/ Yoast SEO plugin. -->","yoast_head_json":{"title":"IL EST PLUS QUE LA PROPRI\u00c9T\u00c9; IL EST SUR LES PERSONNES - Christina Miller","robots":{"index":"index","follow":"follow","max-snippet":"max-snippet:-1","max-image-preview":"max-image-preview:large","max-video-preview":"max-video-preview:-1"},"canonical":"https:\/\/christinamiller.ca\/its-more-than-just-the-property-its-about-the-people\/","og_locale":"fr_FR","og_type":"article","og_title":"IL EST PLUS QUE LA PROPRI\u00c9T\u00c9; IL EST SUR LES PERSONNES - Christina Miller","og_description":"Dr. Claude Maranda 46 SUMMIT CRES., WESMOUNT VENDU POUR $2, 400, 000 \u201cCher Christina, Liz et moi sommes absolument ravis par la vente de la maison et par votre d\u00e9vouement et le travail acharn\u00e9 (vous et votre excellent personnel). \u00a0\u00bb Merci encore, Claude Richard Grover 3070 Le Boulevard, Westmount adj. VENDU POUR $1,800,000 \u201cCher Christina, [&hellip;]","og_url":"https:\/\/christinamiller.ca\/its-more-than-just-the-property-its-about-the-people\/","og_site_name":"Christina Miller","article_modified_time":"2023-03-03T20:12:22+00:00","og_image":[{"width":1024,"height":411,"url":"https:\/\/www.christinamiller.ca\/wp-content\/uploads\/2023\/03\/TESTIMONIALS-1024x411.png","type":"image\/png"}],"twitter_card":"summary_large_image","twitter_misc":{"Dur\u00e9e de lecture estim\u00e9e":"5 minutes"},"schema":{"@context":"https:\/\/schema.org","@graph":[{"@type":"WebPage","@id":"https:\/\/christinamiller.ca\/its-more-than-just-the-property-its-about-the-people\/","url":"https:\/\/christinamiller.ca\/its-more-than-just-the-property-its-about-the-people\/","name":"IL EST PLUS QUE LA PROPRI\u00c9T\u00c9; IL EST SUR LES PERSONNES - Christina Miller","isPartOf":{"@id":"https:\/\/christinamiller.ca\/#website"},"primaryImageOfPage":{"@id":"https:\/\/christinamiller.ca\/its-more-than-just-the-property-its-about-the-people\/#primaryimage"},"image":{"@id":"https:\/\/christinamiller.ca\/its-more-than-just-the-property-its-about-the-people\/#primaryimage"},"thumbnailUrl":"\/wp-content\/uploads\/2023\/03\/TESTIMONIALS.png","datePublished":"2016-04-22T17:35:32+00:00","dateModified":"2023-03-03T20:12:22+00:00","breadcrumb":{"@id":"https:\/\/christinamiller.ca\/its-more-than-just-the-property-its-about-the-people\/#breadcrumb"},"inLanguage":"fr-FR","potentialAction":[{"@type":"ReadAction","target":["https:\/\/christinamiller.ca\/its-more-than-just-the-property-its-about-the-people\/"]}]},{"@type":"ImageObject","inLanguage":"fr-FR","@id":"https:\/\/christinamiller.ca\/its-more-than-just-the-property-its-about-the-people\/#primaryimage","url":"\/wp-content\/uploads\/2023\/03\/TESTIMONIALS.png","contentUrl":"\/wp-content\/uploads\/2023\/03\/TESTIMONIALS.png","width":2096,"height":842},{"@type":"BreadcrumbList","@id":"https:\/\/christinamiller.ca\/its-more-than-just-the-property-its-about-the-people\/#breadcrumb","itemListElement":[{"@type":"ListItem","position":1,"name":"Home","item":"https:\/\/christinamiller.ca\/fr\/"},{"@type":"ListItem","position":2,"name":"IL EST PLUS QUE LA PROPRI\u00c9T\u00c9; IL EST SUR LES PERSONNES"}]},{"@type":"WebSite","@id":"https:\/\/christinamiller.ca\/#website","url":"https:\/\/christinamiller.ca\/","name":"Christina Miller","description":"Certified Real Estate Broker","potentialAction":[{"@type":"SearchAction","target":{"@type":"EntryPoint","urlTemplate":"https:\/\/christinamiller.ca\/?s={search_term_string}"},"query-input":"required name=search_term_string"}],"inLanguage":"fr-FR"}]}},"_links":{"self":[{"href":"https:\/\/www.christinamiller.ca\/fr\/wp-json\/wp\/v2\/pages\/894"}],"collection":[{"href":"https:\/\/www.christinamiller.ca\/fr\/wp-json\/wp\/v2\/pages"}],"about":[{"href":"https:\/\/www.christinamiller.ca\/fr\/wp-json\/wp\/v2\/types\/page"}],"author":[{"embeddable":true,"href":"https:\/\/www.christinamiller.ca\/fr\/wp-json\/wp\/v2\/users\/1"}],"replies":[{"embeddable":true,"href":"https:\/\/www.christinamiller.ca\/fr\/wp-json\/wp\/v2\/comments?post=894"}],"version-history":[{"count":3,"href":"https:\/\/www.christinamiller.ca\/fr\/wp-json\/wp\/v2\/pages\/894\/revisions"}],"predecessor-version":[{"id":4825,"href":"https:\/\/www.christinamiller.ca\/fr\/wp-json\/wp\/v2\/pages\/894\/revisions\/4825"}],"wp:featuredmedia":[{"embeddable":true,"href":"https:\/\/www.christinamiller.ca\/fr\/wp-json\/wp\/v2\/media\/4824"}],"wp:attachment":[{"href":"https:\/\/www.christinamiller.ca\/fr\/wp-json\/wp\/v2\/media?parent=894"}],"curies":[{"name":"wp","href":"https:\/\/api.w.org\/{rel}","templated":true}]}}