{"id":731,"date":"2016-04-19T20:04:02","date_gmt":"2016-04-19T20:04:02","guid":{"rendered":"https:\/\/christinamiller.ca.php56-22.dfw3-2.websitetestlink.com\/?page_id=731&#038;lang=fr"},"modified":"2023-03-03T19:10:19","modified_gmt":"2023-03-03T19:10:19","slug":"decouvrez-notre-reseau-unique-et-mondial-de-filiales-de-limmobilier-de-luxe","status":"publish","type":"page","link":"https:\/\/www.christinamiller.ca\/fr\/decouvrez-notre-reseau-unique-et-mondial-de-filiales-de-limmobilier-de-luxe\/","title":{"rendered":"D\u00e9couvrez notre r\u00e9seau unique et mondial de filiales de l\u2019immobilier de luxe."},"content":{"rendered":"<div class=\"post_content_423\">\n<p style=\"text-align: left;\"><strong>D\u00c9COUVREZ NOTRE STRAT\u00c9GIE DE MARQUE ET NOS AFFILI\u00c9S DE LUXE<\/strong><\/p>\n<p style=\"text-align: left;\"><strong>Le Groupe Christina Miller est affili\u00e9e \u00e0 l&rsquo;agence immobili\u00e8re<\/strong><\/p>\n<p><img loading=\"lazy\" decoding=\"async\" class=\"wp-image-4740 size-medium alignnone\" src=\"\/wp-content\/uploads\/2022\/12\/CMREG-LOGOS-2023_Profusion-Logo-Website-300x92.png\" alt=\"\" width=\"300\" height=\"92\" data-id=\"482\" srcset=\"\/wp-content\/uploads\/2022\/12\/CMREG-LOGOS-2023_Profusion-Logo-Website-300x92.png 300w, \/wp-content\/uploads\/2022\/12\/CMREG-LOGOS-2023_Profusion-Logo-Website-1024x313.png 1024w, \/wp-content\/uploads\/2022\/12\/CMREG-LOGOS-2023_Profusion-Logo-Website-768x235.png 768w, \/wp-content\/uploads\/2022\/12\/CMREG-LOGOS-2023_Profusion-Logo-Website-1536x470.png 1536w, \/wp-content\/uploads\/2022\/12\/CMREG-LOGOS-2023_Profusion-Logo-Website-1060x324.png 1060w, \/wp-content\/uploads\/2022\/12\/CMREG-LOGOS-2023_Profusion-Logo-Website.png 1703w\" sizes=\"(max-width: 300px) 100vw, 300px\" \/><\/p>\n<\/div>\n<p>Fond\u00e9e en 2008, Profusion Immobilier est la plus importante agence immobili\u00e8re de luxe ind\u00e9pendante de port\u00e9e internationale au Qu\u00e9bec.<\/p>\n<p>\u00c0 Profusion, nous croyons que le succ\u00e8s repose sur une solide \u00e9quipe de courtiers comp\u00e9tents, un r\u00e9seau mondial diversifi\u00e9 et sans pr\u00e9c\u00e9dent, ainsi que sur les valeurs que le Groupe immobilier Christina Miller met de l\u2019avant\u00a0: l\u2019int\u00e9grit\u00e9, la collaboration et un service \u00e0 la client\u00e8le impeccable.<\/p>\n<p>L\u2019\u00e9quipe compos\u00e9e de plus de 80 courtiers reconna\u00eet l\u2019importance de v\u00e9hiculer nos valeurs intrins\u00e8ques d\u2019int\u00e9grit\u00e9, de discr\u00e9tion et de connaissance approfondie du march\u00e9 local. Gr\u00e2ce \u00e0 sa vaste s\u00e9lection de propri\u00e9t\u00e9s de luxe et \u00e0 ses parts de march\u00e9 importantes, Profusion Immobilier est reconnu comme \u00e9tant un moteur de croissance dans le secteur de l\u2019immobilier et est la premi\u00e8re agence immobili\u00e8re ind\u00e9pendante de luxe au Qu\u00e9bec.<\/p>\n<p>Profusion immobilier est le membre exclusif de Forbes Global Properties pour la province du Qu\u00e9bec, au Canada.<\/p>\n<p><span style=\"border-radius: 2px; text-indent: 20px; width: auto; padding: 0px 4px 0px 0px; text-align: center; font: bold 11px\/20px 'Helvetica Neue',Helvetica,sans-serif; color: #ffffff; background: #bd081c no-repeat scroll 3px 50% \/ 14px 14px; position: absolute; opacity: 1; z-index: 8675309; display: none; cursor: pointer; top: 260px; left: 20px;\">Save<\/span><\/p>\n","protected":false},"excerpt":{"rendered":"<p>D\u00c9COUVREZ NOTRE STRAT\u00c9GIE DE MARQUE ET NOS AFFILI\u00c9S DE LUXE Le Groupe Christina Miller est affili\u00e9e \u00e0 l&rsquo;agence immobili\u00e8re Fond\u00e9e en 2008, Profusion Immobilier est la plus importante agence immobili\u00e8re de luxe ind\u00e9pendante de port\u00e9e internationale au Qu\u00e9bec. \u00c0 Profusion, nous croyons que le succ\u00e8s repose sur une solide \u00e9quipe de courtiers comp\u00e9tents, un r\u00e9seau [&hellip;]<\/p>\n","protected":false},"author":1,"featured_media":4812,"parent":0,"menu_order":0,"comment_status":"closed","ping_status":"closed","template":"","meta":{"_acf_changed":false,"content-type":"","_genesis_hide_title":false,"_genesis_hide_breadcrumbs":false,"_genesis_hide_singular_image":false,"_genesis_hide_footer_widgets":false,"_genesis_custom_body_class":"","_genesis_custom_post_class":"","_genesis_layout":"content-sidebar","footnotes":""},"class_list":{"0":"post-731","1":"page","2":"type-page","3":"status-publish","4":"has-post-thumbnail","6":"entry"},"acf":[],"yoast_head":"<!-- This site is optimized with the Yoast SEO plugin v23.2 - https:\/\/yoast.com\/wordpress\/plugins\/seo\/ -->\n<title>D\u00e9couvrez notre r\u00e9seau unique et mondial de filiales de l\u2019immobilier de luxe. - Christina Miller<\/title>\n<meta name=\"description\" content=\"R\u00e9seau unique et mondial de filiales de l\u2019immobilier de luxe qui vous donnent acc\u00e8s aux meilleures ressources et professionnels de l\u2019immobilier de luxe.\" \/>\n<meta name=\"robots\" content=\"index, follow, max-snippet:-1, max-image-preview:large, max-video-preview:-1\" \/>\n<link rel=\"canonical\" href=\"https:\/\/christinamiller.ca\/discover-our-unique-and-global-network-of-luxury-affiliates\/\" \/>\n<meta property=\"og:locale\" content=\"fr_FR\" \/>\n<meta property=\"og:type\" content=\"article\" \/>\n<meta property=\"og:title\" content=\"D\u00e9couvrez notre r\u00e9seau unique et mondial de filiales de l\u2019immobilier de luxe. - Christina Miller\" \/>\n<meta property=\"og:description\" content=\"R\u00e9seau unique et mondial de filiales de l\u2019immobilier de luxe qui vous donnent acc\u00e8s aux meilleures ressources et professionnels de l\u2019immobilier de luxe.\" \/>\n<meta property=\"og:url\" content=\"https:\/\/christinamiller.ca\/discover-our-unique-and-global-network-of-luxury-affiliates\/\" \/>\n<meta property=\"og:site_name\" content=\"Christina Miller\" \/>\n<meta property=\"article:modified_time\" content=\"2023-03-03T19:10:19+00:00\" \/>\n<meta property=\"og:image\" content=\"https:\/\/www.christinamiller.ca\/wp-content\/uploads\/2023\/03\/DISCOVER-OUR-BRAND-STRATEGY-LUXURY-AFFILIATE-1024x411.png\" \/>\n\t<meta property=\"og:image:width\" content=\"1024\" \/>\n\t<meta property=\"og:image:height\" content=\"411\" \/>\n\t<meta property=\"og:image:type\" content=\"image\/png\" \/>\n<meta name=\"twitter:card\" content=\"summary_large_image\" \/>\n<meta name=\"twitter:label1\" content=\"Dur\u00e9e de lecture estim\u00e9e\" \/>\n\t<meta name=\"twitter:data1\" content=\"1 minute\" \/>\n<script type=\"application\/ld+json\" class=\"yoast-schema-graph\">{\"@context\":\"https:\/\/schema.org\",\"@graph\":[{\"@type\":\"WebPage\",\"@id\":\"https:\/\/christinamiller.ca\/discover-our-unique-and-global-network-of-luxury-affiliates\/\",\"url\":\"https:\/\/christinamiller.ca\/discover-our-unique-and-global-network-of-luxury-affiliates\/\",\"name\":\"D\u00e9couvrez notre r\u00e9seau unique et mondial de filiales de l\u2019immobilier de luxe. - Christina Miller\",\"isPartOf\":{\"@id\":\"https:\/\/christinamiller.ca\/#website\"},\"primaryImageOfPage\":{\"@id\":\"https:\/\/christinamiller.ca\/discover-our-unique-and-global-network-of-luxury-affiliates\/#primaryimage\"},\"image\":{\"@id\":\"https:\/\/christinamiller.ca\/discover-our-unique-and-global-network-of-luxury-affiliates\/#primaryimage\"},\"thumbnailUrl\":\"\/wp-content\/uploads\/2023\/03\/DISCOVER-OUR-BRAND-STRATEGY-LUXURY-AFFILIATE.png\",\"datePublished\":\"2016-04-19T20:04:02+00:00\",\"dateModified\":\"2023-03-03T19:10:19+00:00\",\"description\":\"R\u00e9seau unique et mondial de filiales de l\u2019immobilier de luxe qui vous donnent acc\u00e8s aux meilleures ressources et professionnels de l\u2019immobilier de luxe.\",\"breadcrumb\":{\"@id\":\"https:\/\/christinamiller.ca\/discover-our-unique-and-global-network-of-luxury-affiliates\/#breadcrumb\"},\"inLanguage\":\"fr-FR\",\"potentialAction\":[{\"@type\":\"ReadAction\",\"target\":[\"https:\/\/christinamiller.ca\/discover-our-unique-and-global-network-of-luxury-affiliates\/\"]}]},{\"@type\":\"ImageObject\",\"inLanguage\":\"fr-FR\",\"@id\":\"https:\/\/christinamiller.ca\/discover-our-unique-and-global-network-of-luxury-affiliates\/#primaryimage\",\"url\":\"\/wp-content\/uploads\/2023\/03\/DISCOVER-OUR-BRAND-STRATEGY-LUXURY-AFFILIATE.png\",\"contentUrl\":\"\/wp-content\/uploads\/2023\/03\/DISCOVER-OUR-BRAND-STRATEGY-LUXURY-AFFILIATE.png\",\"width\":2096,\"height\":842},{\"@type\":\"BreadcrumbList\",\"@id\":\"https:\/\/christinamiller.ca\/discover-our-unique-and-global-network-of-luxury-affiliates\/#breadcrumb\",\"itemListElement\":[{\"@type\":\"ListItem\",\"position\":1,\"name\":\"Home\",\"item\":\"https:\/\/christinamiller.ca\/fr\/\"},{\"@type\":\"ListItem\",\"position\":2,\"name\":\"D\u00e9couvrez notre r\u00e9seau unique et mondial de filiales de l\u2019immobilier de luxe.\"}]},{\"@type\":\"WebSite\",\"@id\":\"https:\/\/christinamiller.ca\/#website\",\"url\":\"https:\/\/christinamiller.ca\/\",\"name\":\"Christina Miller\",\"description\":\"Certified Real Estate Broker\",\"potentialAction\":[{\"@type\":\"SearchAction\",\"target\":{\"@type\":\"EntryPoint\",\"urlTemplate\":\"https:\/\/christinamiller.ca\/?s={search_term_string}\"},\"query-input\":\"required name=search_term_string\"}],\"inLanguage\":\"fr-FR\"}]}<\/script>\n<!-- \/ Yoast SEO plugin. -->","yoast_head_json":{"title":"D\u00e9couvrez notre r\u00e9seau unique et mondial de filiales de l\u2019immobilier de luxe. - Christina Miller","description":"R\u00e9seau unique et mondial de filiales de l\u2019immobilier de luxe qui vous donnent acc\u00e8s aux meilleures ressources et professionnels de l\u2019immobilier de luxe.","robots":{"index":"index","follow":"follow","max-snippet":"max-snippet:-1","max-image-preview":"max-image-preview:large","max-video-preview":"max-video-preview:-1"},"canonical":"https:\/\/christinamiller.ca\/discover-our-unique-and-global-network-of-luxury-affiliates\/","og_locale":"fr_FR","og_type":"article","og_title":"D\u00e9couvrez notre r\u00e9seau unique et mondial de filiales de l\u2019immobilier de luxe. - Christina Miller","og_description":"R\u00e9seau unique et mondial de filiales de l\u2019immobilier de luxe qui vous donnent acc\u00e8s aux meilleures ressources et professionnels de l\u2019immobilier de luxe.","og_url":"https:\/\/christinamiller.ca\/discover-our-unique-and-global-network-of-luxury-affiliates\/","og_site_name":"Christina Miller","article_modified_time":"2023-03-03T19:10:19+00:00","og_image":[{"width":1024,"height":411,"url":"https:\/\/www.christinamiller.ca\/wp-content\/uploads\/2023\/03\/DISCOVER-OUR-BRAND-STRATEGY-LUXURY-AFFILIATE-1024x411.png","type":"image\/png"}],"twitter_card":"summary_large_image","twitter_misc":{"Dur\u00e9e de lecture estim\u00e9e":"1 minute"},"schema":{"@context":"https:\/\/schema.org","@graph":[{"@type":"WebPage","@id":"https:\/\/christinamiller.ca\/discover-our-unique-and-global-network-of-luxury-affiliates\/","url":"https:\/\/christinamiller.ca\/discover-our-unique-and-global-network-of-luxury-affiliates\/","name":"D\u00e9couvrez notre r\u00e9seau unique et mondial de filiales de l\u2019immobilier de luxe. - Christina Miller","isPartOf":{"@id":"https:\/\/christinamiller.ca\/#website"},"primaryImageOfPage":{"@id":"https:\/\/christinamiller.ca\/discover-our-unique-and-global-network-of-luxury-affiliates\/#primaryimage"},"image":{"@id":"https:\/\/christinamiller.ca\/discover-our-unique-and-global-network-of-luxury-affiliates\/#primaryimage"},"thumbnailUrl":"\/wp-content\/uploads\/2023\/03\/DISCOVER-OUR-BRAND-STRATEGY-LUXURY-AFFILIATE.png","datePublished":"2016-04-19T20:04:02+00:00","dateModified":"2023-03-03T19:10:19+00:00","description":"R\u00e9seau unique et mondial de filiales de l\u2019immobilier de luxe qui vous donnent acc\u00e8s aux meilleures ressources et professionnels de l\u2019immobilier de luxe.","breadcrumb":{"@id":"https:\/\/christinamiller.ca\/discover-our-unique-and-global-network-of-luxury-affiliates\/#breadcrumb"},"inLanguage":"fr-FR","potentialAction":[{"@type":"ReadAction","target":["https:\/\/christinamiller.ca\/discover-our-unique-and-global-network-of-luxury-affiliates\/"]}]},{"@type":"ImageObject","inLanguage":"fr-FR","@id":"https:\/\/christinamiller.ca\/discover-our-unique-and-global-network-of-luxury-affiliates\/#primaryimage","url":"\/wp-content\/uploads\/2023\/03\/DISCOVER-OUR-BRAND-STRATEGY-LUXURY-AFFILIATE.png","contentUrl":"\/wp-content\/uploads\/2023\/03\/DISCOVER-OUR-BRAND-STRATEGY-LUXURY-AFFILIATE.png","width":2096,"height":842},{"@type":"BreadcrumbList","@id":"https:\/\/christinamiller.ca\/discover-our-unique-and-global-network-of-luxury-affiliates\/#breadcrumb","itemListElement":[{"@type":"ListItem","position":1,"name":"Home","item":"https:\/\/christinamiller.ca\/fr\/"},{"@type":"ListItem","position":2,"name":"D\u00e9couvrez notre r\u00e9seau unique et mondial de filiales de l\u2019immobilier de luxe."}]},{"@type":"WebSite","@id":"https:\/\/christinamiller.ca\/#website","url":"https:\/\/christinamiller.ca\/","name":"Christina Miller","description":"Certified Real Estate Broker","potentialAction":[{"@type":"SearchAction","target":{"@type":"EntryPoint","urlTemplate":"https:\/\/christinamiller.ca\/?s={search_term_string}"},"query-input":"required name=search_term_string"}],"inLanguage":"fr-FR"}]}},"_links":{"self":[{"href":"https:\/\/www.christinamiller.ca\/fr\/wp-json\/wp\/v2\/pages\/731"}],"collection":[{"href":"https:\/\/www.christinamiller.ca\/fr\/wp-json\/wp\/v2\/pages"}],"about":[{"href":"https:\/\/www.christinamiller.ca\/fr\/wp-json\/wp\/v2\/types\/page"}],"author":[{"embeddable":true,"href":"https:\/\/www.christinamiller.ca\/fr\/wp-json\/wp\/v2\/users\/1"}],"replies":[{"embeddable":true,"href":"https:\/\/www.christinamiller.ca\/fr\/wp-json\/wp\/v2\/comments?post=731"}],"version-history":[{"count":10,"href":"https:\/\/www.christinamiller.ca\/fr\/wp-json\/wp\/v2\/pages\/731\/revisions"}],"predecessor-version":[{"id":4816,"href":"https:\/\/www.christinamiller.ca\/fr\/wp-json\/wp\/v2\/pages\/731\/revisions\/4816"}],"wp:featuredmedia":[{"embeddable":true,"href":"https:\/\/www.christinamiller.ca\/fr\/wp-json\/wp\/v2\/media\/4812"}],"wp:attachment":[{"href":"https:\/\/www.christinamiller.ca\/fr\/wp-json\/wp\/v2\/media?parent=731"}],"curies":[{"name":"wp","href":"https:\/\/api.w.org\/{rel}","templated":true}]}}