{"id":713,"date":"2016-04-19T19:06:09","date_gmt":"2016-04-19T19:06:09","guid":{"rendered":"https:\/\/christinamiller.ca.php56-22.dfw3-2.websitetestlink.com\/?page_id=713&#038;lang=fr"},"modified":"2022-12-19T20:04:54","modified_gmt":"2022-12-19T20:04:54","slug":"notre-strategie-de-mise-en-marche","status":"publish","type":"page","link":"https:\/\/www.christinamiller.ca\/fr\/notre-strategie-de-mise-en-marche\/","title":{"rendered":"Notre strat\u00e9gie de mise en march\u00e9"},"content":{"rendered":"<p>Nous utilisons des solutions de mise en march\u00e9 et d\u2019impression num\u00e9rique ax\u00e9es sur les r\u00e9sultats pour que votre propri\u00e9t\u00e9 soit vue par le plus grand nombre possible d\u2019acheteurs potentiels. Votre propri\u00e9t\u00e9 fait son entr\u00e9e sur le march\u00e9 en force, notamment gr\u00e2ce aux moyens traditionnels de mise en march\u00e9, mais aussi gr\u00e2ce aux nouveaux m\u00e9dias. Votre propri\u00e9t\u00e9 attire ainsi l\u2019attention des acheteurs potentiels qualifi\u00e9s et s\u00e9rieux tant \u00e0 l\u2019\u00e9chelle locale qu\u2019\u00e0 l\u2019\u00e9chelle internationale. Qu\u2019est-ce que cela signifie vraiment? Nous incitons les acheteurs \u00e0 venir consulter la fiche descriptive de votre propri\u00e9t\u00e9!<\/p>\n<p>Pour en savoir plus, consultez\u2026<br \/>\n\u2022 M\u00e9dias sociaux<br \/>\n\u2022 Affili\u00e9s de prestige<br \/>\n\u2022 Mise en valeur et photographie<br \/>\n\u2022 Exclusivit\u00e9s du groupe immobilier Christina Miller<\/p>\n","protected":false},"excerpt":{"rendered":"<p>Nous utilisons des solutions de mise en march\u00e9 et d\u2019impression num\u00e9rique ax\u00e9es sur les r\u00e9sultats pour que votre propri\u00e9t\u00e9 soit vue par le plus grand nombre possible d\u2019acheteurs potentiels. Votre propri\u00e9t\u00e9 fait son entr\u00e9e sur le march\u00e9 en force, notamment gr\u00e2ce aux moyens traditionnels de mise en march\u00e9, mais aussi gr\u00e2ce aux nouveaux m\u00e9dias. Votre [&hellip;]<\/p>\n","protected":false},"author":1,"featured_media":4753,"parent":0,"menu_order":0,"comment_status":"closed","ping_status":"closed","template":"","meta":{"_acf_changed":false,"content-type":"","_genesis_hide_title":false,"_genesis_hide_breadcrumbs":false,"_genesis_hide_singular_image":false,"_genesis_hide_footer_widgets":false,"_genesis_custom_body_class":"","_genesis_custom_post_class":"","_genesis_layout":"content-sidebar","footnotes":""},"class_list":{"0":"post-713","1":"page","2":"type-page","3":"status-publish","4":"has-post-thumbnail","6":"entry"},"acf":[],"yoast_head":"<!-- This site is optimized with the Yoast SEO plugin v23.2 - https:\/\/yoast.com\/wordpress\/plugins\/seo\/ -->\n<title>Notre strat\u00e9gie de mise en march\u00e9 - Christina Miller<\/title>\n<meta name=\"robots\" content=\"index, follow, max-snippet:-1, max-image-preview:large, max-video-preview:-1\" \/>\n<link rel=\"canonical\" href=\"https:\/\/christinamiller.ca\/fr\/notre-strategie-de-mise-en-marche\/\" \/>\n<meta property=\"og:locale\" content=\"fr_FR\" \/>\n<meta property=\"og:type\" content=\"article\" \/>\n<meta property=\"og:title\" content=\"Notre strat\u00e9gie de mise en march\u00e9 - Christina Miller\" \/>\n<meta property=\"og:description\" content=\"Nous utilisons des solutions de mise en march\u00e9 et d\u2019impression num\u00e9rique ax\u00e9es sur les r\u00e9sultats pour que votre propri\u00e9t\u00e9 soit vue par le plus grand nombre possible d\u2019acheteurs potentiels. Votre propri\u00e9t\u00e9 fait son entr\u00e9e sur le march\u00e9 en force, notamment gr\u00e2ce aux moyens traditionnels de mise en march\u00e9, mais aussi gr\u00e2ce aux nouveaux m\u00e9dias. Votre [&hellip;]\" \/>\n<meta property=\"og:url\" content=\"https:\/\/christinamiller.ca\/fr\/notre-strategie-de-mise-en-marche\/\" \/>\n<meta property=\"og:site_name\" content=\"Christina Miller\" \/>\n<meta property=\"article:modified_time\" content=\"2022-12-19T20:04:54+00:00\" \/>\n<meta property=\"og:image\" content=\"https:\/\/www.christinamiller.ca\/wp-content\/uploads\/2022\/12\/Artboard-\u2013-1-4-1024x340.png\" \/>\n\t<meta property=\"og:image:width\" content=\"1024\" \/>\n\t<meta property=\"og:image:height\" content=\"340\" \/>\n\t<meta property=\"og:image:type\" content=\"image\/png\" \/>\n<meta name=\"twitter:card\" content=\"summary_large_image\" \/>\n<meta name=\"twitter:label1\" content=\"Dur\u00e9e de lecture estim\u00e9e\" \/>\n\t<meta name=\"twitter:data1\" content=\"1 minute\" \/>\n<script type=\"application\/ld+json\" class=\"yoast-schema-graph\">{\"@context\":\"https:\/\/schema.org\",\"@graph\":[{\"@type\":\"WebPage\",\"@id\":\"https:\/\/christinamiller.ca\/fr\/notre-strategie-de-mise-en-marche\/\",\"url\":\"https:\/\/christinamiller.ca\/fr\/notre-strategie-de-mise-en-marche\/\",\"name\":\"Notre strat\u00e9gie de mise en march\u00e9 - Christina Miller\",\"isPartOf\":{\"@id\":\"https:\/\/christinamiller.ca\/#website\"},\"primaryImageOfPage\":{\"@id\":\"https:\/\/christinamiller.ca\/fr\/notre-strategie-de-mise-en-marche\/#primaryimage\"},\"image\":{\"@id\":\"https:\/\/christinamiller.ca\/fr\/notre-strategie-de-mise-en-marche\/#primaryimage\"},\"thumbnailUrl\":\"\/wp-content\/uploads\/2022\/12\/Artboard-\u2013-1-4.png\",\"datePublished\":\"2016-04-19T19:06:09+00:00\",\"dateModified\":\"2022-12-19T20:04:54+00:00\",\"breadcrumb\":{\"@id\":\"https:\/\/christinamiller.ca\/fr\/notre-strategie-de-mise-en-marche\/#breadcrumb\"},\"inLanguage\":\"fr-FR\",\"potentialAction\":[{\"@type\":\"ReadAction\",\"target\":[\"https:\/\/christinamiller.ca\/fr\/notre-strategie-de-mise-en-marche\/\"]}]},{\"@type\":\"ImageObject\",\"inLanguage\":\"fr-FR\",\"@id\":\"https:\/\/christinamiller.ca\/fr\/notre-strategie-de-mise-en-marche\/#primaryimage\",\"url\":\"\/wp-content\/uploads\/2022\/12\/Artboard-\u2013-1-4.png\",\"contentUrl\":\"\/wp-content\/uploads\/2022\/12\/Artboard-\u2013-1-4.png\",\"width\":2666,\"height\":886},{\"@type\":\"BreadcrumbList\",\"@id\":\"https:\/\/christinamiller.ca\/fr\/notre-strategie-de-mise-en-marche\/#breadcrumb\",\"itemListElement\":[{\"@type\":\"ListItem\",\"position\":1,\"name\":\"Home\",\"item\":\"https:\/\/christinamiller.ca\/fr\/\"},{\"@type\":\"ListItem\",\"position\":2,\"name\":\"Notre strat\u00e9gie de mise en march\u00e9\"}]},{\"@type\":\"WebSite\",\"@id\":\"https:\/\/christinamiller.ca\/#website\",\"url\":\"https:\/\/christinamiller.ca\/\",\"name\":\"Christina Miller\",\"description\":\"Certified Real Estate Broker\",\"potentialAction\":[{\"@type\":\"SearchAction\",\"target\":{\"@type\":\"EntryPoint\",\"urlTemplate\":\"https:\/\/christinamiller.ca\/?s={search_term_string}\"},\"query-input\":\"required name=search_term_string\"}],\"inLanguage\":\"fr-FR\"}]}<\/script>\n<!-- \/ Yoast SEO plugin. -->","yoast_head_json":{"title":"Notre strat\u00e9gie de mise en march\u00e9 - Christina Miller","robots":{"index":"index","follow":"follow","max-snippet":"max-snippet:-1","max-image-preview":"max-image-preview:large","max-video-preview":"max-video-preview:-1"},"canonical":"https:\/\/christinamiller.ca\/fr\/notre-strategie-de-mise-en-marche\/","og_locale":"fr_FR","og_type":"article","og_title":"Notre strat\u00e9gie de mise en march\u00e9 - Christina Miller","og_description":"Nous utilisons des solutions de mise en march\u00e9 et d\u2019impression num\u00e9rique ax\u00e9es sur les r\u00e9sultats pour que votre propri\u00e9t\u00e9 soit vue par le plus grand nombre possible d\u2019acheteurs potentiels. Votre propri\u00e9t\u00e9 fait son entr\u00e9e sur le march\u00e9 en force, notamment gr\u00e2ce aux moyens traditionnels de mise en march\u00e9, mais aussi gr\u00e2ce aux nouveaux m\u00e9dias. Votre [&hellip;]","og_url":"https:\/\/christinamiller.ca\/fr\/notre-strategie-de-mise-en-marche\/","og_site_name":"Christina Miller","article_modified_time":"2022-12-19T20:04:54+00:00","og_image":[{"width":1024,"height":340,"url":"https:\/\/www.christinamiller.ca\/wp-content\/uploads\/2022\/12\/Artboard-\u2013-1-4-1024x340.png","type":"image\/png"}],"twitter_card":"summary_large_image","twitter_misc":{"Dur\u00e9e de lecture estim\u00e9e":"1 minute"},"schema":{"@context":"https:\/\/schema.org","@graph":[{"@type":"WebPage","@id":"https:\/\/christinamiller.ca\/fr\/notre-strategie-de-mise-en-marche\/","url":"https:\/\/christinamiller.ca\/fr\/notre-strategie-de-mise-en-marche\/","name":"Notre strat\u00e9gie de mise en march\u00e9 - Christina Miller","isPartOf":{"@id":"https:\/\/christinamiller.ca\/#website"},"primaryImageOfPage":{"@id":"https:\/\/christinamiller.ca\/fr\/notre-strategie-de-mise-en-marche\/#primaryimage"},"image":{"@id":"https:\/\/christinamiller.ca\/fr\/notre-strategie-de-mise-en-marche\/#primaryimage"},"thumbnailUrl":"\/wp-content\/uploads\/2022\/12\/Artboard-\u2013-1-4.png","datePublished":"2016-04-19T19:06:09+00:00","dateModified":"2022-12-19T20:04:54+00:00","breadcrumb":{"@id":"https:\/\/christinamiller.ca\/fr\/notre-strategie-de-mise-en-marche\/#breadcrumb"},"inLanguage":"fr-FR","potentialAction":[{"@type":"ReadAction","target":["https:\/\/christinamiller.ca\/fr\/notre-strategie-de-mise-en-marche\/"]}]},{"@type":"ImageObject","inLanguage":"fr-FR","@id":"https:\/\/christinamiller.ca\/fr\/notre-strategie-de-mise-en-marche\/#primaryimage","url":"\/wp-content\/uploads\/2022\/12\/Artboard-\u2013-1-4.png","contentUrl":"\/wp-content\/uploads\/2022\/12\/Artboard-\u2013-1-4.png","width":2666,"height":886},{"@type":"BreadcrumbList","@id":"https:\/\/christinamiller.ca\/fr\/notre-strategie-de-mise-en-marche\/#breadcrumb","itemListElement":[{"@type":"ListItem","position":1,"name":"Home","item":"https:\/\/christinamiller.ca\/fr\/"},{"@type":"ListItem","position":2,"name":"Notre strat\u00e9gie de mise en march\u00e9"}]},{"@type":"WebSite","@id":"https:\/\/christinamiller.ca\/#website","url":"https:\/\/christinamiller.ca\/","name":"Christina Miller","description":"Certified Real Estate Broker","potentialAction":[{"@type":"SearchAction","target":{"@type":"EntryPoint","urlTemplate":"https:\/\/christinamiller.ca\/?s={search_term_string}"},"query-input":"required name=search_term_string"}],"inLanguage":"fr-FR"}]}},"_links":{"self":[{"href":"https:\/\/www.christinamiller.ca\/fr\/wp-json\/wp\/v2\/pages\/713"}],"collection":[{"href":"https:\/\/www.christinamiller.ca\/fr\/wp-json\/wp\/v2\/pages"}],"about":[{"href":"https:\/\/www.christinamiller.ca\/fr\/wp-json\/wp\/v2\/types\/page"}],"author":[{"embeddable":true,"href":"https:\/\/www.christinamiller.ca\/fr\/wp-json\/wp\/v2\/users\/1"}],"replies":[{"embeddable":true,"href":"https:\/\/www.christinamiller.ca\/fr\/wp-json\/wp\/v2\/comments?post=713"}],"version-history":[{"count":4,"href":"https:\/\/www.christinamiller.ca\/fr\/wp-json\/wp\/v2\/pages\/713\/revisions"}],"predecessor-version":[{"id":2551,"href":"https:\/\/www.christinamiller.ca\/fr\/wp-json\/wp\/v2\/pages\/713\/revisions\/2551"}],"wp:featuredmedia":[{"embeddable":true,"href":"https:\/\/www.christinamiller.ca\/fr\/wp-json\/wp\/v2\/media\/4753"}],"wp:attachment":[{"href":"https:\/\/www.christinamiller.ca\/fr\/wp-json\/wp\/v2\/media?parent=713"}],"curies":[{"name":"wp","href":"https:\/\/api.w.org\/{rel}","templated":true}]}}