{"id":703,"date":"2016-04-19T18:54:59","date_gmt":"2016-04-19T18:54:59","guid":{"rendered":"https:\/\/christinamiller.ca.php56-22.dfw3-2.websitetestlink.com\/?page_id=703&#038;lang=fr"},"modified":"2023-03-03T19:43:43","modified_gmt":"2023-03-03T19:43:43","slug":"nous-vous-accompagnons-dans-vos-recherches-jusqua-la-signature","status":"publish","type":"page","link":"https:\/\/www.christinamiller.ca\/fr\/nous-vous-accompagnons-dans-vos-recherches-jusqua-la-signature\/","title":{"rendered":"Vos conseillers de confiance de la recherche jusqu&rsquo;\u00e0 la signature chez le notaire"},"content":{"rendered":"<p><strong>Notre mission<\/strong> au Groupe immobilier Christina Miller est bien simple : vous offrir une exp\u00e9rience de vente ou d\u2019achat de propri\u00e9t\u00e9 cinq \u00e9toiles. Rien de moins!<\/p>\n<p>Une premi\u00e8re rencontre avec nous vous permettra de constater que nous ne ressemblons en rien \u00e0 ces vendeurs insistants qui ne cherchent qu\u2019\u00e0 conclure une autre vente. Nous sommes au contraire des courtiers d\u00e9sireux d\u2019offrir un service complet et ayant le souci d\u2019offrir le plus haut niveau de service \u00e0 la client\u00e8le, d\u2019int\u00e9grit\u00e9 et de connaissance du march\u00e9. Que ce soit gr\u00e2ce \u00e0 nos petites attentions ou \u00e0 notre approche chaleureuse, vous n\u2019aurez aucun souci \u00e0 vous faire et pourrez appr\u00e9cier cette nouvelle \u00e9tape de votre vie.<\/p>\n<p>Nous tirons une grande fiert\u00e9 des relations \u00e0 long terme que nous avons \u00e9tablies avec notre client\u00e8le, et rien ne nous donne plus de plaisir que de constater la fid\u00e9lit\u00e9 constante de nos clients ou d\u2019accueillir les nouveaux clients qu\u2019ils nous ont r\u00e9f\u00e9r\u00e9s.<\/p>\n<p>D\u00e9couvrez ce que le Groupe immobilier Christina Miller fera pour vous.<\/p>\n","protected":false},"excerpt":{"rendered":"<p>Notre mission au Groupe immobilier Christina Miller est bien simple : vous offrir une exp\u00e9rience de vente ou d\u2019achat de propri\u00e9t\u00e9 cinq \u00e9toiles. Rien de moins! Une premi\u00e8re rencontre avec nous vous permettra de constater que nous ne ressemblons en rien \u00e0 ces vendeurs insistants qui ne cherchent qu\u2019\u00e0 conclure une autre vente. Nous sommes [&hellip;]<\/p>\n","protected":false},"author":1,"featured_media":4827,"parent":0,"menu_order":0,"comment_status":"closed","ping_status":"closed","template":"","meta":{"_acf_changed":false,"content-type":"","_genesis_hide_title":false,"_genesis_hide_breadcrumbs":false,"_genesis_hide_singular_image":false,"_genesis_hide_footer_widgets":false,"_genesis_custom_body_class":"","_genesis_custom_post_class":"","_genesis_layout":"content-sidebar","footnotes":""},"class_list":{"0":"post-703","1":"page","2":"type-page","3":"status-publish","4":"has-post-thumbnail","6":"entry"},"acf":[],"yoast_head":"<!-- This site is optimized with the Yoast SEO plugin v23.2 - https:\/\/yoast.com\/wordpress\/plugins\/seo\/ -->\n<title>Vos conseillers de confiance de la recherche jusqu&#039;\u00e0 la signature chez le notaire - Christina Miller<\/title>\n<meta name=\"robots\" content=\"index, follow, max-snippet:-1, max-image-preview:large, max-video-preview:-1\" \/>\n<link rel=\"canonical\" href=\"https:\/\/christinamiller.ca\/buying-selling\/\" \/>\n<meta property=\"og:locale\" content=\"fr_FR\" \/>\n<meta property=\"og:type\" content=\"article\" \/>\n<meta property=\"og:title\" content=\"Vos conseillers de confiance de la recherche jusqu&#039;\u00e0 la signature chez le notaire - Christina Miller\" \/>\n<meta property=\"og:description\" content=\"Notre mission au Groupe immobilier Christina Miller est bien simple : vous offrir une exp\u00e9rience de vente ou d\u2019achat de propri\u00e9t\u00e9 cinq \u00e9toiles. Rien de moins! Une premi\u00e8re rencontre avec nous vous permettra de constater que nous ne ressemblons en rien \u00e0 ces vendeurs insistants qui ne cherchent qu\u2019\u00e0 conclure une autre vente. Nous sommes [&hellip;]\" \/>\n<meta property=\"og:url\" content=\"https:\/\/christinamiller.ca\/buying-selling\/\" \/>\n<meta property=\"og:site_name\" content=\"Christina Miller\" \/>\n<meta property=\"article:modified_time\" content=\"2023-03-03T19:43:43+00:00\" \/>\n<meta property=\"og:image\" content=\"https:\/\/www.christinamiller.ca\/wp-content\/uploads\/2023\/03\/BUYING-SELLING-1024x411.png\" \/>\n\t<meta property=\"og:image:width\" content=\"1024\" \/>\n\t<meta property=\"og:image:height\" content=\"411\" \/>\n\t<meta property=\"og:image:type\" content=\"image\/png\" \/>\n<meta name=\"twitter:card\" content=\"summary_large_image\" \/>\n<meta name=\"twitter:label1\" content=\"Dur\u00e9e de lecture estim\u00e9e\" \/>\n\t<meta name=\"twitter:data1\" content=\"1 minute\" \/>\n<script type=\"application\/ld+json\" class=\"yoast-schema-graph\">{\"@context\":\"https:\/\/schema.org\",\"@graph\":[{\"@type\":\"WebPage\",\"@id\":\"https:\/\/christinamiller.ca\/buying-selling\/\",\"url\":\"https:\/\/christinamiller.ca\/buying-selling\/\",\"name\":\"Vos conseillers de confiance de la recherche jusqu'\u00e0 la signature chez le notaire - Christina Miller\",\"isPartOf\":{\"@id\":\"https:\/\/christinamiller.ca\/#website\"},\"primaryImageOfPage\":{\"@id\":\"https:\/\/christinamiller.ca\/buying-selling\/#primaryimage\"},\"image\":{\"@id\":\"https:\/\/christinamiller.ca\/buying-selling\/#primaryimage\"},\"thumbnailUrl\":\"\/wp-content\/uploads\/2023\/03\/BUYING-SELLING.png\",\"datePublished\":\"2016-04-19T18:54:59+00:00\",\"dateModified\":\"2023-03-03T19:43:43+00:00\",\"breadcrumb\":{\"@id\":\"https:\/\/christinamiller.ca\/buying-selling\/#breadcrumb\"},\"inLanguage\":\"fr-FR\",\"potentialAction\":[{\"@type\":\"ReadAction\",\"target\":[\"https:\/\/christinamiller.ca\/buying-selling\/\"]}]},{\"@type\":\"ImageObject\",\"inLanguage\":\"fr-FR\",\"@id\":\"https:\/\/christinamiller.ca\/buying-selling\/#primaryimage\",\"url\":\"\/wp-content\/uploads\/2023\/03\/BUYING-SELLING.png\",\"contentUrl\":\"\/wp-content\/uploads\/2023\/03\/BUYING-SELLING.png\",\"width\":2096,\"height\":842},{\"@type\":\"BreadcrumbList\",\"@id\":\"https:\/\/christinamiller.ca\/buying-selling\/#breadcrumb\",\"itemListElement\":[{\"@type\":\"ListItem\",\"position\":1,\"name\":\"Home\",\"item\":\"https:\/\/christinamiller.ca\/fr\/\"},{\"@type\":\"ListItem\",\"position\":2,\"name\":\"Vos conseillers de confiance de la recherche jusqu&#8217;\u00e0 la signature chez le notaire\"}]},{\"@type\":\"WebSite\",\"@id\":\"https:\/\/christinamiller.ca\/#website\",\"url\":\"https:\/\/christinamiller.ca\/\",\"name\":\"Christina Miller\",\"description\":\"Certified Real Estate Broker\",\"potentialAction\":[{\"@type\":\"SearchAction\",\"target\":{\"@type\":\"EntryPoint\",\"urlTemplate\":\"https:\/\/christinamiller.ca\/?s={search_term_string}\"},\"query-input\":\"required name=search_term_string\"}],\"inLanguage\":\"fr-FR\"}]}<\/script>\n<!-- \/ Yoast SEO plugin. -->","yoast_head_json":{"title":"Vos conseillers de confiance de la recherche jusqu'\u00e0 la signature chez le notaire - Christina Miller","robots":{"index":"index","follow":"follow","max-snippet":"max-snippet:-1","max-image-preview":"max-image-preview:large","max-video-preview":"max-video-preview:-1"},"canonical":"https:\/\/christinamiller.ca\/buying-selling\/","og_locale":"fr_FR","og_type":"article","og_title":"Vos conseillers de confiance de la recherche jusqu'\u00e0 la signature chez le notaire - Christina Miller","og_description":"Notre mission au Groupe immobilier Christina Miller est bien simple : vous offrir une exp\u00e9rience de vente ou d\u2019achat de propri\u00e9t\u00e9 cinq \u00e9toiles. Rien de moins! Une premi\u00e8re rencontre avec nous vous permettra de constater que nous ne ressemblons en rien \u00e0 ces vendeurs insistants qui ne cherchent qu\u2019\u00e0 conclure une autre vente. Nous sommes [&hellip;]","og_url":"https:\/\/christinamiller.ca\/buying-selling\/","og_site_name":"Christina Miller","article_modified_time":"2023-03-03T19:43:43+00:00","og_image":[{"width":1024,"height":411,"url":"https:\/\/www.christinamiller.ca\/wp-content\/uploads\/2023\/03\/BUYING-SELLING-1024x411.png","type":"image\/png"}],"twitter_card":"summary_large_image","twitter_misc":{"Dur\u00e9e de lecture estim\u00e9e":"1 minute"},"schema":{"@context":"https:\/\/schema.org","@graph":[{"@type":"WebPage","@id":"https:\/\/christinamiller.ca\/buying-selling\/","url":"https:\/\/christinamiller.ca\/buying-selling\/","name":"Vos conseillers de confiance de la recherche jusqu'\u00e0 la signature chez le notaire - Christina Miller","isPartOf":{"@id":"https:\/\/christinamiller.ca\/#website"},"primaryImageOfPage":{"@id":"https:\/\/christinamiller.ca\/buying-selling\/#primaryimage"},"image":{"@id":"https:\/\/christinamiller.ca\/buying-selling\/#primaryimage"},"thumbnailUrl":"\/wp-content\/uploads\/2023\/03\/BUYING-SELLING.png","datePublished":"2016-04-19T18:54:59+00:00","dateModified":"2023-03-03T19:43:43+00:00","breadcrumb":{"@id":"https:\/\/christinamiller.ca\/buying-selling\/#breadcrumb"},"inLanguage":"fr-FR","potentialAction":[{"@type":"ReadAction","target":["https:\/\/christinamiller.ca\/buying-selling\/"]}]},{"@type":"ImageObject","inLanguage":"fr-FR","@id":"https:\/\/christinamiller.ca\/buying-selling\/#primaryimage","url":"\/wp-content\/uploads\/2023\/03\/BUYING-SELLING.png","contentUrl":"\/wp-content\/uploads\/2023\/03\/BUYING-SELLING.png","width":2096,"height":842},{"@type":"BreadcrumbList","@id":"https:\/\/christinamiller.ca\/buying-selling\/#breadcrumb","itemListElement":[{"@type":"ListItem","position":1,"name":"Home","item":"https:\/\/christinamiller.ca\/fr\/"},{"@type":"ListItem","position":2,"name":"Vos conseillers de confiance de la recherche jusqu&#8217;\u00e0 la signature chez le notaire"}]},{"@type":"WebSite","@id":"https:\/\/christinamiller.ca\/#website","url":"https:\/\/christinamiller.ca\/","name":"Christina Miller","description":"Certified Real Estate Broker","potentialAction":[{"@type":"SearchAction","target":{"@type":"EntryPoint","urlTemplate":"https:\/\/christinamiller.ca\/?s={search_term_string}"},"query-input":"required name=search_term_string"}],"inLanguage":"fr-FR"}]}},"_links":{"self":[{"href":"https:\/\/www.christinamiller.ca\/fr\/wp-json\/wp\/v2\/pages\/703"}],"collection":[{"href":"https:\/\/www.christinamiller.ca\/fr\/wp-json\/wp\/v2\/pages"}],"about":[{"href":"https:\/\/www.christinamiller.ca\/fr\/wp-json\/wp\/v2\/types\/page"}],"author":[{"embeddable":true,"href":"https:\/\/www.christinamiller.ca\/fr\/wp-json\/wp\/v2\/users\/1"}],"replies":[{"embeddable":true,"href":"https:\/\/www.christinamiller.ca\/fr\/wp-json\/wp\/v2\/comments?post=703"}],"version-history":[{"count":3,"href":"https:\/\/www.christinamiller.ca\/fr\/wp-json\/wp\/v2\/pages\/703\/revisions"}],"predecessor-version":[{"id":2549,"href":"https:\/\/www.christinamiller.ca\/fr\/wp-json\/wp\/v2\/pages\/703\/revisions\/2549"}],"wp:featuredmedia":[{"embeddable":true,"href":"https:\/\/www.christinamiller.ca\/fr\/wp-json\/wp\/v2\/media\/4827"}],"wp:attachment":[{"href":"https:\/\/www.christinamiller.ca\/fr\/wp-json\/wp\/v2\/media?parent=703"}],"curies":[{"name":"wp","href":"https:\/\/api.w.org\/{rel}","templated":true}]}}