{"id":684,"date":"2016-04-19T18:04:57","date_gmt":"2016-04-19T18:04:57","guid":{"rendered":"https:\/\/christinamiller.ca.php56-22.dfw3-2.websitetestlink.com\/?page_id=684&#038;lang=fr"},"modified":"2026-03-23T19:24:32","modified_gmt":"2026-03-23T19:24:32","slug":"a-propos-de-christina-2","status":"publish","type":"page","link":"https:\/\/www.christinamiller.ca\/fr\/a-propos-de-christina-2\/","title":{"rendered":"\u00c0 propos de Christina"},"content":{"rendered":"<p>Class\u00e9e parmi les meilleurs courtiers immobiliers de Westmount, Christina Miller a conclu des transactions immobili\u00e8res totalisant pr\u00e8s de 1.5 billions de dollars depuis 2006. La sp\u00e9cialiste de l\u2019immobilier de luxe \u00e0 Westmount attribue son succ\u00e8s \u00e0 sa volont\u00e9 d\u2019offrir un service \u00e0 la client\u00e8le, une int\u00e9grit\u00e9 et une expertise de niveau optimal \u00e0 ses clients afin que ceux-ci puissent tirer le meilleur parti de leur investissement de luxe.<\/p>\n<p>Fi\u00e8rement associ\u00e9s \u00e0 la marque de prestige Profusion Immobilier, Christina et ces affili\u00e9s exclusifs vous offrent une expertise du march\u00e9 local, une notori\u00e9t\u00e9 \u00e0 l\u2019\u00e9chelle internationale et un vaste r\u00e9seau de courtiers qui procurent un acc\u00e8s \u00e0 un vaste march\u00e9 et de nombreux avantages \u00e0 leurs clients.<\/p>\n<p>Christina consid\u00e8re chaque propri\u00e9t\u00e9 comme la sienne, et chaque client comme un membre de sa famille. Son quartier est votre quartier. Pour ces raisons, Christina est r\u00e9clam\u00e9e tant par les acheteurs que par les vendeurs.<\/p>\n<p>R\u00e9sidant \u00e0 Westmount depuis de nombreuses ann\u00e9es, Christina est la personne id\u00e9ale pour donner l\u2019heure juste \u00e0 ses clients \u00e0 propos du march\u00e9 local de l\u2019immobilier et du quartier vis\u00e9. C\u2019est aussi de cette fa\u00e7on qu\u2019elle parvient instinctivement \u00e0 trouver la maison de r\u00eave pour chacun de ses clients.<\/p>\n<p>Christina Miller, en bref&#8230;<\/p>\n<ul>\n<li>1.5+ billions de dollars en propri\u00e9t\u00e9s vendues depuis 2006;<\/li>\n<li>plus de 1500 transactions depuis 2006;<\/li>\n<li>le plus grand nombre de transactions et le plus grand volume de ventes \u00e0 titre de courtier dans Westmount 5 ann\u00e9es cons\u00e9cutives;<\/li>\n<li>16 ann\u00e9es d\u2019exp\u00e9rience dans le march\u00e9 de l\u2019immobilier.<\/li>\n<\/ul>\n<div><\/div>\n<div>\n<p><strong>Pratiques au sein d&rsquo;une soci\u00e9t\u00e9 commerciale<\/strong><br \/>\n<strong>CHRISTINA MILLER ENTREPRISES INC.<\/strong><\/p>\n<p><strong>Profusion immobilier inc. \/ Profusion Realty Inc.<\/strong><br \/>\n<strong>Agence immobili\u00e8re<\/strong><\/p>\n<\/div>\n<p><a href=\"https:\/\/christinamiller.ca\/fr\/notre-equipe\/?lang=fr\"><strong>\u00c0 propos de l\u2019\u00e9quipe<\/strong><\/a><\/p>\n<p><img loading=\"lazy\" decoding=\"async\" class=\"alignnone wp-image-5271 size-full\" src=\"\/wp-content\/uploads\/2026\/03\/Website-TEAM.png\" alt=\"\" width=\"2377\" height=\"979\" data-id=\"685\" srcset=\"\/wp-content\/uploads\/2026\/03\/Website-TEAM.png 2377w, \/wp-content\/uploads\/2026\/03\/Website-TEAM-300x124.png 300w, \/wp-content\/uploads\/2026\/03\/Website-TEAM-1024x422.png 1024w, \/wp-content\/uploads\/2026\/03\/Website-TEAM-768x316.png 768w, \/wp-content\/uploads\/2026\/03\/Website-TEAM-1536x633.png 1536w, \/wp-content\/uploads\/2026\/03\/Website-TEAM-2048x843.png 2048w, \/wp-content\/uploads\/2026\/03\/Website-TEAM-1060x437.png 1060w\" sizes=\"(max-width: 2377px) 100vw, 2377px\" \/><\/p>\n<p><span style=\"border-radius: 2px; text-indent: 20px; width: auto; padding: 0px 4px 0px 0px; text-align: center; font: bold 11px\/20px 'Helvetica Neue',Helvetica,sans-serif; color: #ffffff; background: #bd081c no-repeat scroll 3px 50% \/ 14px 14px; position: absolute; opacity: 1; z-index: 8675309; display: block; cursor: pointer; top: 748px; left: 20px;\">Save<\/span><\/p>\n<p><span style=\"border-radius: 2px; text-indent: 20px; width: auto; padding: 0px 4px 0px 0px; text-align: center; font: bold 11px\/20px 'Helvetica Neue',Helvetica,sans-serif; color: #ffffff; background: #bd081c no-repeat scroll 3px 50% \/ 14px 14px; position: absolute; opacity: 1; z-index: 8675309; display: none; cursor: pointer; top: 748px; left: 20px;\">Save<\/span><\/p>\n<p><span style=\"border-radius: 2px; text-indent: 20px; width: auto; padding: 0px 4px 0px 0px; text-align: center; font: bold 11px\/20px 'Helvetica Neue',Helvetica,sans-serif; color: #ffffff; background: #bd081c no-repeat scroll 3px 50% \/ 14px 14px; position: absolute; opacity: 1; z-index: 8675309; display: none; cursor: pointer; top: 748px; left: 20px;\">Save<\/span><\/p>\n<p><span style=\"border-radius: 2px; text-indent: 20px; width: auto; padding: 0px 4px 0px 0px; text-align: center; font: bold 11px\/20px 'Helvetica Neue',Helvetica,sans-serif; color: #ffffff; background: #bd081c no-repeat scroll 3px 50% \/ 14px 14px; position: absolute; opacity: 1; z-index: 8675309; display: none; cursor: pointer; top: 772px; left: 20px;\">Save<\/span><\/p>\n<p><span style=\"border-radius: 2px; text-indent: 20px; width: auto; padding: 0px 4px 0px 0px; text-align: center; font: bold 11px\/20px 'Helvetica Neue',Helvetica,sans-serif; color: #ffffff; background: #bd081c no-repeat scroll 3px 50% \/ 14px 14px; position: absolute; opacity: 1; z-index: 8675309; display: none; cursor: pointer;\">Save<\/span><\/p>\n<p><span style=\"border-radius: 2px; text-indent: 20px; width: auto; padding: 0px 4px 0px 0px; text-align: center; font: bold 11px\/20px 'Helvetica Neue',Helvetica,sans-serif; color: #ffffff; background: #bd081c no-repeat scroll 3px 50% \/ 14px 14px; position: absolute; opacity: 1; z-index: 8675309; display: none; cursor: pointer;\">Save<\/span><\/p>\n<p><span style=\"border-radius: 2px; text-indent: 20px; width: auto; padding: 0px 4px 0px 0px; text-align: center; font: bold 11px\/20px 'Helvetica Neue',Helvetica,sans-serif; color: #ffffff; background: #bd081c no-repeat scroll 3px 50% \/ 14px 14px; position: absolute; opacity: 1; z-index: 8675309; display: none; cursor: pointer; top: 700px; left: 20px;\">Save<\/span><\/p>\n<p><span style=\"border-radius: 2px; text-indent: 20px; width: auto; padding: 0px 4px 0px 0px; text-align: center; font: bold 11px\/20px 'Helvetica Neue',Helvetica,sans-serif; color: #ffffff; background: #bd081c no-repeat scroll 3px 50% \/ 14px 14px; position: absolute; opacity: 1; z-index: 8675309; display: none; cursor: pointer; top: 700px; left: 20px;\">Save<\/span><\/p>\n<p><span style=\"border-radius: 2px; text-indent: 20px; width: auto; padding: 0px 4px 0px 0px; text-align: center; font: bold 11px\/20px 'Helvetica Neue',Helvetica,sans-serif; color: #ffffff; background: #bd081c no-repeat scroll 3px 50% \/ 14px 14px; position: absolute; opacity: 1; z-index: 8675309; display: none; cursor: pointer; top: 700px; left: 20px;\">Save<\/span><\/p>\n","protected":false},"excerpt":{"rendered":"<p>Class\u00e9e parmi les meilleurs courtiers immobiliers de Westmount, Christina Miller a conclu des transactions immobili\u00e8res totalisant pr\u00e8s de 1.5 billions de dollars depuis 2006. La sp\u00e9cialiste de l\u2019immobilier de luxe \u00e0 Westmount attribue son succ\u00e8s \u00e0 sa volont\u00e9 d\u2019offrir un service \u00e0 la client\u00e8le, une int\u00e9grit\u00e9 et une expertise de niveau optimal \u00e0 ses clients [&hellip;]<\/p>\n","protected":false},"author":1,"featured_media":4820,"parent":0,"menu_order":0,"comment_status":"closed","ping_status":"closed","template":"","meta":{"_acf_changed":false,"content-type":"","_genesis_hide_title":false,"_genesis_hide_breadcrumbs":false,"_genesis_hide_singular_image":false,"_genesis_hide_footer_widgets":false,"_genesis_custom_body_class":"","_genesis_custom_post_class":"","_genesis_layout":"content-sidebar","footnotes":""},"class_list":{"0":"post-684","1":"page","2":"type-page","3":"status-publish","4":"has-post-thumbnail","6":"entry"},"acf":[],"yoast_head":"<!-- This site is optimized with the Yoast SEO plugin v23.2 - https:\/\/yoast.com\/wordpress\/plugins\/seo\/ -->\n<title>\u00c0 propos de Christina - Christina Miller<\/title>\n<meta name=\"description\" content=\"Class\u00e9e parmi les meilleurs courtiers immobiliers de Westmount, Christina Miller a conclu des transactions immobili\u00e8res totalisant pr\u00e8s de 500M de dollars\" \/>\n<meta name=\"robots\" content=\"index, follow, max-snippet:-1, max-image-preview:large, max-video-preview:-1\" \/>\n<link rel=\"canonical\" href=\"https:\/\/christinamiller.ca\/fr\/a-propos-de-christina-2\/\" \/>\n<meta property=\"og:locale\" content=\"fr_FR\" \/>\n<meta property=\"og:type\" content=\"article\" \/>\n<meta property=\"og:title\" content=\"\u00c0 propos de Christina - Christina Miller\" \/>\n<meta property=\"og:description\" content=\"Class\u00e9e parmi les meilleurs courtiers immobiliers de Westmount, Christina Miller a conclu des transactions immobili\u00e8res totalisant pr\u00e8s de 500M de dollars\" \/>\n<meta property=\"og:url\" content=\"https:\/\/christinamiller.ca\/fr\/a-propos-de-christina-2\/\" \/>\n<meta property=\"og:site_name\" content=\"Christina Miller\" \/>\n<meta property=\"article:modified_time\" content=\"2026-03-23T19:24:32+00:00\" \/>\n<meta property=\"og:image\" content=\"https:\/\/www.christinamiller.ca\/wp-content\/uploads\/2023\/03\/MEET-CHRISTINA-MILLER-FR.png\" \/>\n\t<meta property=\"og:image:width\" content=\"2794\" \/>\n\t<meta property=\"og:image:height\" content=\"1122\" \/>\n\t<meta property=\"og:image:type\" content=\"image\/png\" \/>\n<meta name=\"twitter:card\" content=\"summary_large_image\" \/>\n<meta name=\"twitter:label1\" content=\"Dur\u00e9e de lecture estim\u00e9e\" \/>\n\t<meta name=\"twitter:data1\" content=\"2 minutes\" \/>\n<script type=\"application\/ld+json\" class=\"yoast-schema-graph\">{\"@context\":\"https:\/\/schema.org\",\"@graph\":[{\"@type\":\"WebPage\",\"@id\":\"https:\/\/christinamiller.ca\/fr\/a-propos-de-christina-2\/\",\"url\":\"https:\/\/christinamiller.ca\/fr\/a-propos-de-christina-2\/\",\"name\":\"\u00c0 propos de Christina - Christina Miller\",\"isPartOf\":{\"@id\":\"https:\/\/christinamiller.ca\/#website\"},\"primaryImageOfPage\":{\"@id\":\"https:\/\/christinamiller.ca\/fr\/a-propos-de-christina-2\/#primaryimage\"},\"image\":{\"@id\":\"https:\/\/christinamiller.ca\/fr\/a-propos-de-christina-2\/#primaryimage\"},\"thumbnailUrl\":\"\/wp-content\/uploads\/2023\/03\/MEET-CHRISTINA-MILLER-FR.png\",\"datePublished\":\"2016-04-19T18:04:57+00:00\",\"dateModified\":\"2026-03-23T19:24:32+00:00\",\"description\":\"Class\u00e9e parmi les meilleurs courtiers immobiliers de Westmount, Christina Miller a conclu des transactions immobili\u00e8res totalisant pr\u00e8s de 500M de dollars\",\"breadcrumb\":{\"@id\":\"https:\/\/christinamiller.ca\/fr\/a-propos-de-christina-2\/#breadcrumb\"},\"inLanguage\":\"fr-FR\",\"potentialAction\":[{\"@type\":\"ReadAction\",\"target\":[\"https:\/\/christinamiller.ca\/fr\/a-propos-de-christina-2\/\"]}]},{\"@type\":\"ImageObject\",\"inLanguage\":\"fr-FR\",\"@id\":\"https:\/\/christinamiller.ca\/fr\/a-propos-de-christina-2\/#primaryimage\",\"url\":\"\/wp-content\/uploads\/2023\/03\/MEET-CHRISTINA-MILLER-FR.png\",\"contentUrl\":\"\/wp-content\/uploads\/2023\/03\/MEET-CHRISTINA-MILLER-FR.png\",\"width\":2794,\"height\":1122},{\"@type\":\"BreadcrumbList\",\"@id\":\"https:\/\/christinamiller.ca\/fr\/a-propos-de-christina-2\/#breadcrumb\",\"itemListElement\":[{\"@type\":\"ListItem\",\"position\":1,\"name\":\"Home\",\"item\":\"https:\/\/christinamiller.ca\/fr\/\"},{\"@type\":\"ListItem\",\"position\":2,\"name\":\"\u00c0 propos de Christina\"}]},{\"@type\":\"WebSite\",\"@id\":\"https:\/\/christinamiller.ca\/#website\",\"url\":\"https:\/\/christinamiller.ca\/\",\"name\":\"Christina Miller\",\"description\":\"Certified Real Estate Broker\",\"potentialAction\":[{\"@type\":\"SearchAction\",\"target\":{\"@type\":\"EntryPoint\",\"urlTemplate\":\"https:\/\/christinamiller.ca\/?s={search_term_string}\"},\"query-input\":\"required name=search_term_string\"}],\"inLanguage\":\"fr-FR\"}]}<\/script>\n<!-- \/ Yoast SEO plugin. -->","yoast_head_json":{"title":"\u00c0 propos de Christina - Christina Miller","description":"Class\u00e9e parmi les meilleurs courtiers immobiliers de Westmount, Christina Miller a conclu des transactions immobili\u00e8res totalisant pr\u00e8s de 500M de dollars","robots":{"index":"index","follow":"follow","max-snippet":"max-snippet:-1","max-image-preview":"max-image-preview:large","max-video-preview":"max-video-preview:-1"},"canonical":"https:\/\/christinamiller.ca\/fr\/a-propos-de-christina-2\/","og_locale":"fr_FR","og_type":"article","og_title":"\u00c0 propos de Christina - Christina Miller","og_description":"Class\u00e9e parmi les meilleurs courtiers immobiliers de Westmount, Christina Miller a conclu des transactions immobili\u00e8res totalisant pr\u00e8s de 500M de dollars","og_url":"https:\/\/christinamiller.ca\/fr\/a-propos-de-christina-2\/","og_site_name":"Christina Miller","article_modified_time":"2026-03-23T19:24:32+00:00","og_image":[{"width":2794,"height":1122,"url":"https:\/\/www.christinamiller.ca\/wp-content\/uploads\/2023\/03\/MEET-CHRISTINA-MILLER-FR.png","type":"image\/png"}],"twitter_card":"summary_large_image","twitter_misc":{"Dur\u00e9e de lecture estim\u00e9e":"2 minutes"},"schema":{"@context":"https:\/\/schema.org","@graph":[{"@type":"WebPage","@id":"https:\/\/christinamiller.ca\/fr\/a-propos-de-christina-2\/","url":"https:\/\/christinamiller.ca\/fr\/a-propos-de-christina-2\/","name":"\u00c0 propos de Christina - Christina Miller","isPartOf":{"@id":"https:\/\/christinamiller.ca\/#website"},"primaryImageOfPage":{"@id":"https:\/\/christinamiller.ca\/fr\/a-propos-de-christina-2\/#primaryimage"},"image":{"@id":"https:\/\/christinamiller.ca\/fr\/a-propos-de-christina-2\/#primaryimage"},"thumbnailUrl":"\/wp-content\/uploads\/2023\/03\/MEET-CHRISTINA-MILLER-FR.png","datePublished":"2016-04-19T18:04:57+00:00","dateModified":"2026-03-23T19:24:32+00:00","description":"Class\u00e9e parmi les meilleurs courtiers immobiliers de Westmount, Christina Miller a conclu des transactions immobili\u00e8res totalisant pr\u00e8s de 500M de dollars","breadcrumb":{"@id":"https:\/\/christinamiller.ca\/fr\/a-propos-de-christina-2\/#breadcrumb"},"inLanguage":"fr-FR","potentialAction":[{"@type":"ReadAction","target":["https:\/\/christinamiller.ca\/fr\/a-propos-de-christina-2\/"]}]},{"@type":"ImageObject","inLanguage":"fr-FR","@id":"https:\/\/christinamiller.ca\/fr\/a-propos-de-christina-2\/#primaryimage","url":"\/wp-content\/uploads\/2023\/03\/MEET-CHRISTINA-MILLER-FR.png","contentUrl":"\/wp-content\/uploads\/2023\/03\/MEET-CHRISTINA-MILLER-FR.png","width":2794,"height":1122},{"@type":"BreadcrumbList","@id":"https:\/\/christinamiller.ca\/fr\/a-propos-de-christina-2\/#breadcrumb","itemListElement":[{"@type":"ListItem","position":1,"name":"Home","item":"https:\/\/christinamiller.ca\/fr\/"},{"@type":"ListItem","position":2,"name":"\u00c0 propos de Christina"}]},{"@type":"WebSite","@id":"https:\/\/christinamiller.ca\/#website","url":"https:\/\/christinamiller.ca\/","name":"Christina Miller","description":"Certified Real Estate Broker","potentialAction":[{"@type":"SearchAction","target":{"@type":"EntryPoint","urlTemplate":"https:\/\/christinamiller.ca\/?s={search_term_string}"},"query-input":"required name=search_term_string"}],"inLanguage":"fr-FR"}]}},"_links":{"self":[{"href":"https:\/\/www.christinamiller.ca\/fr\/wp-json\/wp\/v2\/pages\/684"}],"collection":[{"href":"https:\/\/www.christinamiller.ca\/fr\/wp-json\/wp\/v2\/pages"}],"about":[{"href":"https:\/\/www.christinamiller.ca\/fr\/wp-json\/wp\/v2\/types\/page"}],"author":[{"embeddable":true,"href":"https:\/\/www.christinamiller.ca\/fr\/wp-json\/wp\/v2\/users\/1"}],"replies":[{"embeddable":true,"href":"https:\/\/www.christinamiller.ca\/fr\/wp-json\/wp\/v2\/comments?post=684"}],"version-history":[{"count":25,"href":"https:\/\/www.christinamiller.ca\/fr\/wp-json\/wp\/v2\/pages\/684\/revisions"}],"predecessor-version":[{"id":5275,"href":"https:\/\/www.christinamiller.ca\/fr\/wp-json\/wp\/v2\/pages\/684\/revisions\/5275"}],"wp:featuredmedia":[{"embeddable":true,"href":"https:\/\/www.christinamiller.ca\/fr\/wp-json\/wp\/v2\/media\/4820"}],"wp:attachment":[{"href":"https:\/\/www.christinamiller.ca\/fr\/wp-json\/wp\/v2\/media?parent=684"}],"curies":[{"name":"wp","href":"https:\/\/api.w.org\/{rel}","templated":true}]}}